{"id":2255,"date":"2022-03-15T09:20:05","date_gmt":"2022-03-15T08:20:05","guid":{"rendered":"https:\/\/www.albergoalmoretto.it\/privacy-cookies-policy\/"},"modified":"2022-03-15T09:20:05","modified_gmt":"2022-03-15T08:20:05","slug":"privacy-cookies-policy","status":"publish","type":"page","link":"https:\/\/www.albergoalmoretto.it\/en\/privacy-cookies-policy\/","title":{"rendered":"Privacy &#038; Cookies Policy"},"content":{"rendered":"\t\t<div data-elementor-type=\"wp-page\" data-elementor-id=\"2255\" class=\"elementor elementor-2255\" data-elementor-post-type=\"page\">\n\t\t\t\t\t\t<section class=\"elementor-section elementor-top-section elementor-element elementor-element-3824d1b elementor-section-boxed elementor-section-height-default elementor-section-height-default\" data-id=\"3824d1b\" data-element_type=\"section\">\n\t\t\t\t\t\t<div class=\"elementor-container elementor-column-gap-default\">\n\t\t\t\t\t<div class=\"elementor-column elementor-col-100 elementor-top-column elementor-element elementor-element-42f9568\" data-id=\"42f9568\" data-element_type=\"column\">\n\t\t\t<div class=\"elementor-widget-wrap elementor-element-populated\">\n\t\t\t\t\t\t<div class=\"elementor-element elementor-element-ca384b8 spazio-50 elementor-widget elementor-widget-global elementor-global-118 elementor-widget-spacer\" data-id=\"ca384b8\" data-element_type=\"widget\" data-widget_type=\"spacer.default\">\n\t\t\t\t<div class=\"elementor-widget-container\">\n\t\t\t\t\t\t\t<div class=\"elementor-spacer\">\n\t\t\t<div class=\"elementor-spacer-inner\"><\/div>\n\t\t<\/div>\n\t\t\t\t\t\t<\/div>\n\t\t\t\t<\/div>\n\t\t\t\t<div class=\"elementor-element elementor-element-4d46714 heading-2 color-dark font-bold elementor-invisible elementor-widget elementor-widget-heading\" data-id=\"4d46714\" data-element_type=\"widget\" data-settings=\"{&quot;_animation&quot;:&quot;fadeInUp&quot;}\" data-widget_type=\"heading.default\">\n\t\t\t\t<div class=\"elementor-widget-container\">\n\t\t\t\t\t<h1 class=\"elementor-heading-title elementor-size-default\">Privacy & Cookies Policy<\/h1>\t\t\t\t<\/div>\n\t\t\t\t<\/div>\n\t\t\t\t<div class=\"elementor-element elementor-element-02d6e9e spazio-50 elementor-widget elementor-widget-global elementor-global-118 elementor-widget-spacer\" data-id=\"02d6e9e\" data-element_type=\"widget\" data-widget_type=\"spacer.default\">\n\t\t\t\t<div class=\"elementor-widget-container\">\n\t\t\t\t\t\t\t<div class=\"elementor-spacer\">\n\t\t\t<div class=\"elementor-spacer-inner\"><\/div>\n\t\t<\/div>\n\t\t\t\t\t\t<\/div>\n\t\t\t\t<\/div>\n\t\t\t\t<div class=\"elementor-element elementor-element-e1dae6b heading-3 color-dark font-bold elementor-invisible elementor-widget elementor-widget-heading\" data-id=\"e1dae6b\" data-element_type=\"widget\" data-settings=\"{&quot;_animation&quot;:&quot;fadeInUp&quot;}\" data-widget_type=\"heading.default\">\n\t\t\t\t<div class=\"elementor-widget-container\">\n\t\t\t\t\t<h2 class=\"elementor-heading-title elementor-size-default\">Informativa web per il trattamento dei dati personali<\/h2>\t\t\t\t<\/div>\n\t\t\t\t<\/div>\n\t\t\t\t<div class=\"elementor-element elementor-element-4f652f4 spazio-20 elementor-widget elementor-widget-global elementor-global-197 elementor-widget-spacer\" data-id=\"4f652f4\" data-element_type=\"widget\" data-widget_type=\"spacer.default\">\n\t\t\t\t<div class=\"elementor-widget-container\">\n\t\t\t\t\t\t\t<div class=\"elementor-spacer\">\n\t\t\t<div class=\"elementor-spacer-inner\"><\/div>\n\t\t<\/div>\n\t\t\t\t\t\t<\/div>\n\t\t\t\t<\/div>\n\t\t\t\t<div class=\"elementor-element elementor-element-b8c938d color-gold font-light elementor-invisible elementor-widget elementor-widget-text-editor\" data-id=\"b8c938d\" data-element_type=\"widget\" data-settings=\"{&quot;_animation&quot;:&quot;fadeInUp&quot;,&quot;_animation_delay&quot;:200}\" data-widget_type=\"text-editor.default\">\n\t\t\t\t<div class=\"elementor-widget-container\">\n\t\t\t\t\t\t\t\t\t<p>Albergo al Moretto, con sede in Via S.Pio X, 10 &#8211; 31033 Castelfranco Veneto, TV (in seguito \u201cTitolare del trattamento\u201d), in qualit\u00e0 di Titolare del trattamento dei dati, La informa ai sensi degli articoli 13 e 14 del Regolamento UE n. 2016\/679 (in seguito, \u201cGDPR\u201d) che i Suoi dati saranno trattati con le modalit\u00e0 e per le finalit\u00e0 di seguito riportate.<\/p>\n<p>\u00a0<\/p>\n<p><strong>1. Oggetto del Trattamento<\/strong><br \/>Il Titolare del trattamento tratta i dati personali e identificativi (ad esempio, nome, cognome, ragione sociale, indirizzo, telefono, e-mail, riferimenti bancari e di pagamento) -in seguito, \u201cdati personali\u201d-, quando da Lei comunicati, per lo svolgimento di servizi connessi all&#8217;attivit\u00e0 del Titolare del trattamento.<\/p>\n<p>\u00a0<\/p>\n<p><strong>2. Finalit\u00e0 del trattamento<\/strong><br \/>I Suoi dati personali sono trattati:<br \/>A) senza il Suo consenso espresso (art. 6 lett. b), e) GDPR), per le seguenti Finalit\u00e0 di Servizio:<br \/>&#8211; concludere i contratti per i servizi del Titolare del trattamento;<br \/>&#8211; adempiere agli obblighi precontrattuali, contrattuali e fiscali derivanti da rapporti con Lei in essere;<br \/>&#8211; adempiere agli obblighi previsti dalla legge, da un regolamento, dalla normativa comunitaria o da un ordine dell\u2019Autorit\u00e0 (come ad esempio in materia di antiriciclaggio);<br \/>&#8211; esercitare i diritti del Titolare del trattamento, ad esempio il diritto di difesa in giudizio;<br \/>B) Solo previo Suo specifico e distinto consenso (art. 7 GDPR), per le seguenti Finalit\u00e0 di Marketing:<br \/>&#8211; inviarLe via e-mail, posta e\/o sms e\/o contatti telefonici, newsletter, comunicazioni commerciali e\/o materiale pubblicitario su prodotti o servizi offerti dal Titolare del trattamento e rilevazione del grado di soddisfazione sulla qualit\u00e0 dei servizi;<\/p>\n<p>\u00a0<\/p>\n<p><strong>3. Modalit\u00e0 di trattamento<\/strong><br \/>Il trattamento dei Suoi dati personali \u00e8 realizzato per mezzo delle operazioni indicate all\u2019art. 4 n. 2) GDPR e precisamente: raccolta, registrazione, organizzazione, conservazione, consultazione, elaborazione, modificazione, selezione, estrazione, raffronto, utilizzo, interconnessione, blocco, comunicazione, cancellazione e distruzione dei dati. I Suoi dati personali possono essere sottoposti a trattamento sia cartaceo che elettronico e\/o automatizzato.<br \/>Il Titolare del trattamento tratter\u00e0 i dati personali per il tempo necessario all&#8217;adempimento alle finalit\u00e0 di cui sopra, e comunque per non oltre 10 anni dalla cessazione del rapporto per le Finalit\u00e0 di Servizio e per non oltre 2 anni dalla raccolta dei dati per le Finalit\u00e0 di Marketing.<\/p>\n<p>\u00a0<\/p>\n<p><strong>4. Accesso ai dati<\/strong><br \/>I Suoi dati potranno essere resi accessibili per le finalit\u00e0 di cui all\u2019art. 2.A) e 2.B):<br \/>&#8211; a dipendenti, collaboratori e societ\u00e0 del Titolare del trattamento, in Italia e all\u2019estero, nella loro qualit\u00e0 di incaricati e\/o Responsabili Interni del trattamento e\/o amministratori di sistema;<br \/>&#8211; a societ\u00e0 terze o altri soggetti (a titolo indicativo, istituti di credito, studi professionali, consulenti, societ\u00e0 di assicurazione per la prestazione di servizi assicurativi, etc.) che svolgono attivit\u00e0 in outsourcing per conto del Titolare del trattamento, nella loro qualit\u00e0 di Responsabili Esterni del trattamento.<\/p>\n<p>\u00a0<\/p>\n<p><strong>5. Comunicazione dei dati<\/strong><br \/>Senza la necessit\u00e0 di un espresso consenso (art. 6 lett. b) e c) GDPR), il Titolare del trattamento potr\u00e0 comunicare i Suoi dati per le finalit\u00e0 di cui all\u2019art. 2.A) a Organismi di vigilanza, Autorit\u00e0 giudiziarie, a societ\u00e0 di assicurazione per la prestazione di servizi assicurativi, nonch\u00e9 a quei soggetti ai quali la comunicazione sia obbligatoria per legge, al fine di espletare le finalit\u00e0 dette.<br \/>Detti soggetti tratteranno i dati nella loro qualit\u00e0 di Autonomi Titolari del trattamento.<br \/>I Suoi dati non saranno diffusi in altre modalit\u00e0.<\/p>\n<p>\u00a0<\/p>\n<p><strong>6. Trasferimento dati<\/strong><br \/>I dati personali sono conservati su server ubicati all\u2019interno dell\u2019Unione Europea. Resta in ogni caso inteso che il Titolare del trattamento, ove si rendesse necessario, avr\u00e0 facolt\u00e0 di spostare i server anche extra-UE. In tal caso, il Titolare del trattamento assicura sin d\u2019ora che il trasferimento dei dati extra-UE avverr\u00e0 in conformit\u00e0 alle disposizioni di legge applicabili, previa stipula delle clausole contrattuali standard previste dalla Commissione Europea.<\/p>\n<p>\u00a0<\/p>\n<p><strong>7. Natura del conferimento dei dati e conseguenze del rifiuto di rispondere<\/strong><br \/>Il conferimento dei dati per le finalit\u00e0 di cui all\u2019art. 2.A) \u00e8 obbligatorio. In loro assenza, non potremo garantirLe i Servizi dell\u2019art. 2.A).<br \/>Il conferimento dei dati per le finalit\u00e0 di cui all\u2019art. 2.B) \u00e8 invece facoltativo. Pu\u00f2 quindi decidere di non conferire alcun dato o di negare successivamente la possibilit\u00e0 di trattare dati gi\u00e0 forniti: in tal caso, non potr\u00e0 ricevere newsletter, comunicazioni commerciali e materiale pubblicitario inerenti ai Servizi offerti dal Titolare del trattamento.<br \/>Continuer\u00e0 comunque ad avere diritto ai Servizi di cui all\u2019art. 2.A).<\/p>\n<p>\u00a0<\/p>\n<p><strong>8. Diritti dell\u2019interessato<\/strong><br \/>Nella Sua qualit\u00e0 di interessato, ha i diritti di cui all\u2019art. 15 GDPR e precisamente i diritti di:<br \/>i. ottenere la conferma dell&#8217;esistenza o meno di dati personali che La riguardano, anche se non ancora registrati, e la loro comunicazione in forma intelligibile;<\/p>\n<p>ii. ottenere l&#8217;indicazione: <br \/>a) dell&#8217;origine dei dati personali; <br \/>b) delle finalit\u00e0 e modalit\u00e0 del trattamento; <br \/>c) della logica applicata in caso di trattamento effettuato con l&#8217;ausilio di strumenti elettronici; <br \/>d) degli estremi identificativi del titolare, dei responsabili e del rappresentante designato ai sensi dell&#8217;art. 3, comma 1, GDPR; <br \/>e) dei soggetti o delle categorie di soggetti ai quali i dati personali possono essere comunicati o che possono venirne a conoscenza in qualit\u00e0 di rappresentante designato nel territorio dello Stato, di responsabili o incaricati;<\/p>\n<p>iii. ottenere: <br \/>a) l&#8217;aggiornamento, la rettificazione ovvero, quando vi ha interesse, l&#8217;integrazione dei dati; <br \/>b) la cancellazione, la trasformazione in forma anonima o il blocco dei dati trattati in violazione di legge, compresi quelli di cui non \u00e8 necessaria la conservazione in relazione agli scopi per i quali i dati sono stati raccolti o successivamente trattati;<br \/>c) l&#8217;attestazione che le operazioni di cui alle lettere a) e b) sono state portate a conoscenza, anche per quanto riguarda il loro contenuto, di coloro ai quali i dati sono stati comunicati o diffusi, eccettuato il caso in cui tale adempimento si rivela impossibile o comporta un impiego di mezzi manifestamente sproporzionato rispetto al diritto tutelato;<\/p>\n<p>iv. opporsi, in tutto o in parte: <br \/>a) per motivi legittimi al trattamento dei dati personali che La riguardano, ancorch\u00e9 pertinenti allo scopo della raccolta; <br \/>b) al trattamento di dati personali che La riguardano a fini di invio di materiale pubblicitario o di vendita diretta o per il compimento di ricerche di mercato o di comunicazione commerciale, mediante l\u2019uso di sistemi automatizzati di chiamata senza l\u2019intervento di un operatore mediante e-mail e\/o mediante modalit\u00e0 di marketing tradizionali mediante telefono e\/o posta cartacea.<\/p>\n<p>Si fa presente che il diritto di opposizione dell\u2019interessato, esposto al precedente punto b), per finalit\u00e0 di marketing diretto mediante modalit\u00e0 automatizzate si estende a quelle tradizionali e che comunque resta salva la possibilit\u00e0 per l\u2019interessato di esercitare il diritto di opposizione anche solo in parte. Pertanto, l\u2019interessato pu\u00f2 decidere di ricevere solo comunicazioni mediante modalit\u00e0 tradizionali ovvero solo comunicazioni automatizzate oppure nessuna delle due tipologie di comunicazione.<br \/>Ove applicabili, ha altres\u00ec i diritti di cui agli artt. 16-21 GDPR (Diritto di rettifica, diritto all\u2019oblio, diritto di limitazione di trattamento, diritto alla portabilit\u00e0 dei dati, diritto di opposizione), nonch\u00e9 il diritto di reclamo all\u2019Autorit\u00e0 Garante.<\/p>\n<p>\u00a0<\/p>\n<p><strong>9. Modalit\u00e0 di esercizio dei diritti<\/strong><br \/>Potr\u00e0 in qualsiasi momento esercitare i diritti inviando:<br \/>&#8211; una raccomandata a.r. all&#8217;indirizzo del Titolare del trattamento dei Dati;<br \/>&#8211; una e-mail al Titolare del trattamento dei Dati: <a href=\"mailto:info@albergoalmoretto.it\">info@albergoalmoretto.it<\/a><\/p>\t\t\t\t\t\t\t\t<\/div>\n\t\t\t\t<\/div>\n\t\t\t\t<div class=\"elementor-element elementor-element-a853646 spazio-35 elementor-widget elementor-widget-global elementor-global-147 elementor-widget-spacer\" data-id=\"a853646\" data-element_type=\"widget\" data-widget_type=\"spacer.default\">\n\t\t\t\t<div class=\"elementor-widget-container\">\n\t\t\t\t\t\t\t<div class=\"elementor-spacer\">\n\t\t\t<div class=\"elementor-spacer-inner\"><\/div>\n\t\t<\/div>\n\t\t\t\t\t\t<\/div>\n\t\t\t\t<\/div>\n\t\t\t\t<div class=\"elementor-element elementor-element-7bc19ff heading-3 color-dark font-bold elementor-invisible elementor-widget elementor-widget-heading\" data-id=\"7bc19ff\" data-element_type=\"widget\" data-settings=\"{&quot;_animation&quot;:&quot;fadeInUp&quot;}\" data-widget_type=\"heading.default\">\n\t\t\t\t<div class=\"elementor-widget-container\">\n\t\t\t\t\t<h2 class=\"elementor-heading-title elementor-size-default\">Cookies<\/h2>\t\t\t\t<\/div>\n\t\t\t\t<\/div>\n\t\t\t\t<div class=\"elementor-element elementor-element-1421586 spazio-20 elementor-widget elementor-widget-global elementor-global-197 elementor-widget-spacer\" data-id=\"1421586\" data-element_type=\"widget\" data-widget_type=\"spacer.default\">\n\t\t\t\t<div class=\"elementor-widget-container\">\n\t\t\t\t\t\t\t<div class=\"elementor-spacer\">\n\t\t\t<div class=\"elementor-spacer-inner\"><\/div>\n\t\t<\/div>\n\t\t\t\t\t\t<\/div>\n\t\t\t\t<\/div>\n\t\t\t\t<div class=\"elementor-element elementor-element-81ce8e1 elementor-widget elementor-widget-html\" data-id=\"81ce8e1\" data-element_type=\"widget\" data-widget_type=\"html.default\">\n\t\t\t\t<div class=\"elementor-widget-container\">\n\t\t\t\t\t<script type=\"text\/javascript\" charset=\"UTF-8\"  data-cookiescriptreport=\"report\" src=\"\/\/report.cookie-script.com\/r\/d12ed7cbb8913e2b06005c65512f4994.js\"><\/script>\t\t\t\t<\/div>\n\t\t\t\t<\/div>\n\t\t\t\t\t<\/div>\n\t\t<\/div>\n\t\t\t\t\t<\/div>\n\t\t<\/section>\n\t\t\t\t<\/div>\n\t\t","protected":false},"excerpt":{"rendered":"Privacy &#038; Cookies Policy Informativa web per il trattamento dei dati personali Albergo al Moretto, con sede in Via S.Pio X, 10 &#8211; 31033 Castelfranco Veneto, TV (in seguito \u201cTitolare del trattamento\u201d), in qualit\u00e0 di Titolare del trattamento dei dati, La informa ai sensi degli articoli 13 e 14 del Regolamento UE n. 2016\/679 (in [&hellip;]","protected":false},"author":1,"featured_media":0,"parent":0,"menu_order":0,"comment_status":"closed","ping_status":"closed","template":"statica.php","meta":{"_acf_changed":false,"footnotes":""},"class_list":["post-2255","page","type-page","status-publish","hentry"],"acf":[],"yoast_head":"<!-- This site is optimized with the Yoast SEO plugin v24.8 - https:\/\/yoast.com\/wordpress\/plugins\/seo\/ -->\n<title>Privacy &amp; Cookies Policy - Albergo al Moretto<\/title>\n<meta name=\"robots\" content=\"index, follow, max-snippet:-1, max-image-preview:large, max-video-preview:-1\" \/>\n<link rel=\"canonical\" href=\"https:\/\/www.albergoalmoretto.it\/en\/privacy-cookies-policy\/\" \/>\n<meta property=\"og:locale\" content=\"en_US\" \/>\n<meta property=\"og:type\" content=\"article\" \/>\n<meta property=\"og:title\" content=\"Privacy &amp; Cookies Policy - Albergo al Moretto\" \/>\n<meta property=\"og:description\" content=\"Privacy &#038; Cookies Policy Informativa web per il trattamento dei dati personali Albergo al Moretto, con sede in Via S.Pio X, 10 &#8211; 31033 Castelfranco Veneto, TV (in seguito \u201cTitolare del trattamento\u201d), in qualit\u00e0 di Titolare del trattamento dei dati, La informa ai sensi degli articoli 13 e 14 del Regolamento UE n. 2016\/679 (in [&hellip;]\" \/>\n<meta property=\"og:url\" content=\"https:\/\/www.albergoalmoretto.it\/en\/privacy-cookies-policy\/\" \/>\n<meta property=\"og:site_name\" content=\"Albergo al Moretto\" \/>\n<meta name=\"twitter:card\" content=\"summary_large_image\" \/>\n<meta name=\"twitter:label1\" content=\"Est. reading time\" \/>\n\t<meta name=\"twitter:data1\" content=\"6 minutes\" \/>\n<script type=\"application\/ld+json\" class=\"yoast-schema-graph\">{\"@context\":\"https:\/\/schema.org\",\"@graph\":[{\"@type\":\"WebPage\",\"@id\":\"https:\/\/www.albergoalmoretto.it\/en\/privacy-cookies-policy\/\",\"url\":\"https:\/\/www.albergoalmoretto.it\/en\/privacy-cookies-policy\/\",\"name\":\"Privacy & Cookies Policy - Albergo al Moretto\",\"isPartOf\":{\"@id\":\"https:\/\/www.albergoalmoretto.it\/en\/#website\"},\"datePublished\":\"2022-03-15T08:20:05+00:00\",\"breadcrumb\":{\"@id\":\"https:\/\/www.albergoalmoretto.it\/en\/privacy-cookies-policy\/#breadcrumb\"},\"inLanguage\":\"en-US\",\"potentialAction\":[{\"@type\":\"ReadAction\",\"target\":[\"https:\/\/www.albergoalmoretto.it\/en\/privacy-cookies-policy\/\"]}]},{\"@type\":\"BreadcrumbList\",\"@id\":\"https:\/\/www.albergoalmoretto.it\/en\/privacy-cookies-policy\/#breadcrumb\",\"itemListElement\":[{\"@type\":\"ListItem\",\"position\":1,\"name\":\"Home\",\"item\":\"https:\/\/www.albergoalmoretto.it\/en\/\"},{\"@type\":\"ListItem\",\"position\":2,\"name\":\"Privacy &#038; Cookies Policy\"}]},{\"@type\":\"WebSite\",\"@id\":\"https:\/\/www.albergoalmoretto.it\/en\/#website\",\"url\":\"https:\/\/www.albergoalmoretto.it\/en\/\",\"name\":\"Albergo al Moretto\",\"description\":\"Locanda Al Moretto di Castelfranco, un piccolo rifugio romantico nel cuore del borgo veneto\",\"potentialAction\":[{\"@type\":\"SearchAction\",\"target\":{\"@type\":\"EntryPoint\",\"urlTemplate\":\"https:\/\/www.albergoalmoretto.it\/en\/?s={search_term_string}\"},\"query-input\":{\"@type\":\"PropertyValueSpecification\",\"valueRequired\":true,\"valueName\":\"search_term_string\"}}],\"inLanguage\":\"en-US\"}]}<\/script>\n<!-- \/ Yoast SEO plugin. -->","yoast_head_json":{"title":"Privacy & Cookies Policy - Albergo al Moretto","robots":{"index":"index","follow":"follow","max-snippet":"max-snippet:-1","max-image-preview":"max-image-preview:large","max-video-preview":"max-video-preview:-1"},"canonical":"https:\/\/www.albergoalmoretto.it\/en\/privacy-cookies-policy\/","og_locale":"en_US","og_type":"article","og_title":"Privacy & Cookies Policy - Albergo al Moretto","og_description":"Privacy &#038; Cookies Policy Informativa web per il trattamento dei dati personali Albergo al Moretto, con sede in Via S.Pio X, 10 &#8211; 31033 Castelfranco Veneto, TV (in seguito \u201cTitolare del trattamento\u201d), in qualit\u00e0 di Titolare del trattamento dei dati, La informa ai sensi degli articoli 13 e 14 del Regolamento UE n. 2016\/679 (in [&hellip;]","og_url":"https:\/\/www.albergoalmoretto.it\/en\/privacy-cookies-policy\/","og_site_name":"Albergo al Moretto","twitter_card":"summary_large_image","twitter_misc":{"Est. reading time":"6 minutes"},"schema":{"@context":"https:\/\/schema.org","@graph":[{"@type":"WebPage","@id":"https:\/\/www.albergoalmoretto.it\/en\/privacy-cookies-policy\/","url":"https:\/\/www.albergoalmoretto.it\/en\/privacy-cookies-policy\/","name":"Privacy & Cookies Policy - Albergo al Moretto","isPartOf":{"@id":"https:\/\/www.albergoalmoretto.it\/en\/#website"},"datePublished":"2022-03-15T08:20:05+00:00","breadcrumb":{"@id":"https:\/\/www.albergoalmoretto.it\/en\/privacy-cookies-policy\/#breadcrumb"},"inLanguage":"en-US","potentialAction":[{"@type":"ReadAction","target":["https:\/\/www.albergoalmoretto.it\/en\/privacy-cookies-policy\/"]}]},{"@type":"BreadcrumbList","@id":"https:\/\/www.albergoalmoretto.it\/en\/privacy-cookies-policy\/#breadcrumb","itemListElement":[{"@type":"ListItem","position":1,"name":"Home","item":"https:\/\/www.albergoalmoretto.it\/en\/"},{"@type":"ListItem","position":2,"name":"Privacy &#038; Cookies Policy"}]},{"@type":"WebSite","@id":"https:\/\/www.albergoalmoretto.it\/en\/#website","url":"https:\/\/www.albergoalmoretto.it\/en\/","name":"Albergo al Moretto","description":"Locanda Al Moretto di Castelfranco, un piccolo rifugio romantico nel cuore del borgo veneto","potentialAction":[{"@type":"SearchAction","target":{"@type":"EntryPoint","urlTemplate":"https:\/\/www.albergoalmoretto.it\/en\/?s={search_term_string}"},"query-input":{"@type":"PropertyValueSpecification","valueRequired":true,"valueName":"search_term_string"}}],"inLanguage":"en-US"}]}},"_links":{"self":[{"href":"https:\/\/www.albergoalmoretto.it\/en\/wp-json\/wp\/v2\/pages\/2255","targetHints":{"allow":["GET"]}}],"collection":[{"href":"https:\/\/www.albergoalmoretto.it\/en\/wp-json\/wp\/v2\/pages"}],"about":[{"href":"https:\/\/www.albergoalmoretto.it\/en\/wp-json\/wp\/v2\/types\/page"}],"author":[{"embeddable":true,"href":"https:\/\/www.albergoalmoretto.it\/en\/wp-json\/wp\/v2\/users\/1"}],"replies":[{"embeddable":true,"href":"https:\/\/www.albergoalmoretto.it\/en\/wp-json\/wp\/v2\/comments?post=2255"}],"version-history":[{"count":0,"href":"https:\/\/www.albergoalmoretto.it\/en\/wp-json\/wp\/v2\/pages\/2255\/revisions"}],"wp:attachment":[{"href":"https:\/\/www.albergoalmoretto.it\/en\/wp-json\/wp\/v2\/media?parent=2255"}],"curies":[{"name":"wp","href":"https:\/\/api.w.org\/{rel}","templated":true}]}}